{"id":881,"date":"2017-04-20T19:09:45","date_gmt":"2017-04-20T18:09:45","guid":{"rendered":"http:\/\/www.sciencebox.eu\/?post_type=product&#038;p=881"},"modified":"2026-01-15T12:46:58","modified_gmt":"2026-01-15T11:46:58","slug":"skatla-eksperimentov-galilei","status":"publish","type":"product","link":"https:\/\/www.sciencebox.eu\/sl\/izdelek\/skatla-eksperimentov-galilei\/","title":{"rendered":"\u0160katla eksperimentov GALILEI"},"content":{"rendered":"<p>Eksperimentalni set\u00a0<a href=\"https:\/\/www.sciencebox.eu\/darila-za-otroke\/\"><strong>\u0160katla eksperimentov GALILEI<\/strong><\/a>\u00a0vklju\u010duje:<\/p>\n<ul>\n<li>pripomo\u010dke\u00a0za izvedbo 10-tih poskusov<\/li>\n<li>strokovno recenzirana video navodila (spletni dostop z geslom)<\/li>\n<li>strokovno recenzirane razlage poskusov (spletni dostop z geslom)<\/li>\n<\/ul>\n<p data-start=\"1698\" data-end=\"1723\">Klju\u010dne zna\u010dilnosti<\/p>\n<ul data-start=\"1724\" data-end=\"2074\">\n<li data-start=\"1982\" data-end=\"2022\">\n<p data-start=\"1984\" data-end=\"2022\">izdelano v Sloveniji,<\/p>\n<\/li>\n<li data-start=\"1724\" data-end=\"1774\">\n<p data-start=\"1726\" data-end=\"1774\">razvito v sodelovanju z u\u010ditelji fizike naravoslovja,<\/p>\n<\/li>\n<li data-start=\"1775\" data-end=\"1840\">\n<p data-start=\"1777\" data-end=\"1840\">skladno z zahtevami Uredbe o splo\u0161ni varnosti proizvodov,<\/p>\n<\/li>\n<li data-start=\"1841\" data-end=\"1923\">\n<p data-start=\"1843\" data-end=\"1923\">vsi pripomo\u010dki imajo izjave o skladnosti oziroma certifikate varnosti,<\/p>\n<\/li>\n<li data-start=\"1841\" data-end=\"1923\">\n<p data-start=\"1843\" data-end=\"1923\">primerno darilo za otroke od 6 do 14 let.<\/p>\n<\/li>\n<\/ul>\n<p>&nbsp;<\/p>\n","protected":false},"excerpt":{"rendered":"<p data-start=\"442\" data-end=\"769\">\u0160katla eksperimentov<strong data-start=\"442\" data-end=\"474\"> GALILEI<\/strong>\u00a0je inovativni u\u010dni pripomo\u010dek, zasnovan za spodbujanje radovednosti, raziskovanja in razumevanja osnovnih fizikalnih pojavov pri otrocih. Zbirka vklju\u010duje\u00a010\u00a0 strokovno recenziranih eksperimentov, ki otrokom omogo\u010dajo, da odkrivajo, kako deluje svet okoli njih.\u00a0Gre za\u00a0maloserijski slovenski izdelek, razvit v sodelovanju z u\u010ditelji naravoslovnih predmetov osnovnih in srednjih \u0161ol. Cena ne odra\u017ea le vrednosti pripomo\u010dkov, temve\u010d predvsem didakti\u010dno in vsebinsko vrednost avtorskega dela ter strokovno podprt pristop k u\u010denju skozi izku\u0161njo.<\/p>\n<p data-start=\"1063\" data-end=\"1345\">Zbirka ni igra\u010da, temve\u010d u\u010dni pripomo\u010dek oziroma izobra\u017eevalno darilo za otroka, primerno za otroke od <strong data-start=\"1168\" data-end=\"1183\">6 do 14 let<\/strong>. \u010ceprav so vsi poskusi zasnovani varno in preizku\u0161eno, se komplet uporablja\u00a0le pod nadzorom odrasle osebe, ki otroku nudi usmeritev in podporo pri izvedbi.<\/p>\n<p>Na tem mestu lahko opravite nakup zbirke za doma\u010do uporabo. Za uporabo zbirke v izobra\u017eevalnih ustanovah mora izobra\u017eevalna ustanova (npr. \u0161ola) pridobiti licenco za\u00a0uporabo.<\/p>\n","protected":false},"featured_media":2100,"comment_status":"closed","ping_status":"closed","template":"","meta":[],"product_brand":[],"product_cat":[101],"product_tag":[102],"class_list":{"0":"post-881","1":"product","2":"type-product","3":"status-publish","4":"has-post-thumbnail","6":"product_cat-darila","7":"product_tag-osebna-uporaba","9":"first","10":"instock","11":"shipping-taxable","12":"purchasable","13":"product-type-simple"},"_links":{"self":[{"href":"https:\/\/www.sciencebox.eu\/sl\/wp-json\/wp\/v2\/product\/881","targetHints":{"allow":["GET"]}}],"collection":[{"href":"https:\/\/www.sciencebox.eu\/sl\/wp-json\/wp\/v2\/product"}],"about":[{"href":"https:\/\/www.sciencebox.eu\/sl\/wp-json\/wp\/v2\/types\/product"}],"replies":[{"embeddable":true,"href":"https:\/\/www.sciencebox.eu\/sl\/wp-json\/wp\/v2\/comments?post=881"}],"wp:featuredmedia":[{"embeddable":true,"href":"https:\/\/www.sciencebox.eu\/sl\/wp-json\/wp\/v2\/media\/2100"}],"wp:attachment":[{"href":"https:\/\/www.sciencebox.eu\/sl\/wp-json\/wp\/v2\/media?parent=881"}],"wp:term":[{"taxonomy":"product_brand","embeddable":true,"href":"https:\/\/www.sciencebox.eu\/sl\/wp-json\/wp\/v2\/product_brand?post=881"},{"taxonomy":"product_cat","embeddable":true,"href":"https:\/\/www.sciencebox.eu\/sl\/wp-json\/wp\/v2\/product_cat?post=881"},{"taxonomy":"product_tag","embeddable":true,"href":"https:\/\/www.sciencebox.eu\/sl\/wp-json\/wp\/v2\/product_tag?post=881"}],"curies":[{"name":"wp","href":"https:\/\/api.w.org\/{rel}","templated":true}]}}