{"id":646,"date":"2017-04-09T18:56:44","date_gmt":"2017-04-09T17:56:44","guid":{"rendered":"http:\/\/webmojstri.si\/matjaz\/sciencebox2\/?page_id=646"},"modified":"2026-05-15T08:25:52","modified_gmt":"2026-05-15T07:25:52","slug":"domov-2","status":"publish","type":"page","link":"https:\/\/www.sciencebox.eu\/sl\/","title":{"rendered":"Domov"},"content":{"rendered":"<div id=\"pl-646\"><div class=\"panel-grid\" id=\"pg-646-0\" ><div class=\"panel-row-style\" ><div class=\"panel-grid-cell\" id=\"pgc-646-0-0\" ><div class=\"so-panel widget widget_sow-headline panel-first-child panel-last-child\" id=\"panel-646-0-0-0\" data-index=\"0\"><div class=\"so-widget-sow-headline so-widget-sow-headline-default-cdbfa4ef1167\"><div class=\"sow-headline-container \">\n\t<h1 class='sow-headline'>\u0160KATLA EKSPERIMENTOV GALILEI<\/h1><\/div><\/div><\/div><\/div><\/div><\/div><div class=\"panel-grid\" id=\"pg-646-1\" ><div class=\"panel-row-style\" ><div class=\"panel-grid-cell\" id=\"pgc-646-1-0\" ><div class=\"so-panel widget widget_sow-editor panel-first-child panel-last-child\" id=\"panel-646-1-0-0\" data-index=\"1\"><div class=\"so-widget-sow-editor so-widget-sow-editor-base\">\n<div class=\"siteorigin-widget-tinymce textwidget\">\n\t<p><span style=\"font-size: 18px;\"><strong>\u0160katla eksperimentov GALILEI<\/strong> je slovenski proizvod in ni igra\u010da. Je u\u010dni pripomo\u010dek, ki nudi podporo izkustvenemu u\u010denju in vsebuje pripomo\u010dke, navodila in razlage za 10 zanimivih in pou\u010dnih <strong>poskusov za otroke in najstnike<\/strong>. Navodila za poskuse so podana v obliki videoposnetkov. Vklju\u010deni znanstveni poskusi so preprosti in hkrati izvirni, tako da so otroci navdu\u0161eni nad njihovimi rezultati. Navodila in razlage znanstvenih poskusov, ki so podane na dveh zahtevnostnih nivojih, so strokovno recenzirani. Navodila so podana po korakih in podprta z nazornimi videoposnetki. V izdelavo in recenzijo \u0160katle eksperimentov so bili vklju\u010deni u\u010ditelji in profesorji fizike in drugih naravoslovnih predmetov, z ve\u010d kot 20 leti delovnih izku\u0161enj. <strong>Primerno za otroke od 6 do 14 let.<\/strong> Seti eksperimentov so primerni tudi za pou\u010dna <strong>darila za otroke, najstnike in najstnice<\/strong>\u00a0ali nagrade za otroke na raznih tekmovanjih. Zbirka je primerna tudi za rojstnodnevno darilo, darilo za bo\u017ei\u010d, darilo za Miklav\u017ea ...<\/span><\/p>\n<\/div>\n<\/div><\/div><\/div><\/div><\/div><div class=\"panel-grid\" id=\"pg-646-2\" ><div class=\"panel-grid-cell panel-grid-cell-empty\" id=\"pgc-646-2-0\" ><\/div><div class=\"panel-grid-cell panel-grid-cell-empty panel-grid-cell-mobile-last\" id=\"pgc-646-2-1\" ><\/div><div class=\"panel-grid-cell panel-grid-cell-empty\" id=\"pgc-646-2-2\" ><\/div><\/div><div class=\"panel-grid\" id=\"pg-646-3\" ><div class=\"panel-grid-cell panel-grid-cell-empty\" id=\"pgc-646-3-0\" ><\/div><div class=\"panel-grid-cell panel-grid-cell-mobile-last\" id=\"pgc-646-3-1\" ><div class=\"so-panel widget widget_sow-editor panel-first-child panel-last-child\" id=\"panel-646-3-1-0\" data-index=\"2\"><div class=\"so-widget-sow-editor so-widget-sow-editor-base\">\n<div class=\"siteorigin-widget-tinymce textwidget\">\n\t<figure id=\"attachment_2099\" aria-describedby=\"caption-attachment-2099\" style=\"width: 300px\" class=\"wp-caption aligncenter\"><a href=\"https:\/\/www.sciencebox.eu\/sl\/darila-za-otroke\/\"><img loading=\"lazy\" decoding=\"async\" class=\"size-medium wp-image-2099\" src=\"https:\/\/www.sciencebox.eu\/wp-content\/uploads\/2017\/04\/skatla_galilei_300-300x246.png\" alt=\"Pou\u010dno darilo za otroka\" width=\"300\" height=\"246\" \/><\/a><figcaption id=\"caption-attachment-2099\" class=\"wp-caption-text\">Pou\u010dno darilo za otroka<\/figcaption><\/figure>\n<\/div>\n<\/div><\/div><\/div><div class=\"panel-grid-cell panel-grid-cell-empty\" id=\"pgc-646-3-2\" ><\/div><\/div><div class=\"panel-grid\" id=\"pg-646-4\" ><div class=\"panel-grid-cell panel-grid-cell-empty\" id=\"pgc-646-4-0\" ><\/div><div class=\"panel-grid-cell panel-grid-cell-mobile-last\" id=\"pgc-646-4-1\" ><div class=\"so-panel widget widget_sow-button panel-first-child\" id=\"panel-646-4-1-0\" data-index=\"3\"><div class=\"panel-widget-style\" style=\"background-color:#1e73be;border: 1px solid #81d742;color: #1e73be;\" ><div class=\"so-widget-sow-button so-widget-sow-button-wire-4ed9e43a8969\"><div class=\"ow-button-base ow-button-align-center\">\n\n\t\t<a class=\"ow-button-hover\" target=\"_blank\" href=\"https:\/\/www.sciencebox.eu\/wp-content\/uploads\/2023\/07\/galilei_1_poskus_sklopljeni_nihali.mp4\" >\n\t\t<span>\n\t\t\t<span class=\"sow-icon-fontawesome\" data-sow-icon=\"&#xf00e;\" style=\"color: #81d742\"><\/span>\n\t\t\tPrimer video navodil za poskus  &gt;&gt;\t\t<\/span>\n\t<\/a>\n<\/div>\n<\/div><\/div><\/div><div class=\"so-panel widget widget_sow-button\" id=\"panel-646-4-1-1\" data-index=\"4\"><div class=\"panel-widget-style\" style=\"background-color:#1e73be;border: 1px solid #81d742;color: #1e73be;\" ><div class=\"so-widget-sow-button so-widget-sow-button-wire-4ed9e43a8969\"><div class=\"ow-button-base ow-button-align-center\">\n\n\t\t<a class=\"ow-button-hover\" href=\"https:\/\/www.sciencebox.eu\/sl\/darila-za-otroke\/\" >\n\t\t<span>\n\t\t\t<span class=\"sow-icon-fontawesome\" data-sow-icon=\"&#xf00e;\" style=\"color: #81d742\"><\/span>\n\t\t\tVe\u010d o \u0160katli eksperimentov GALILEI &gt;&gt;\t\t<\/span>\n\t<\/a>\n<\/div>\n<\/div><\/div><\/div><div class=\"so-panel widget widget_sow-button panel-last-child\" id=\"panel-646-4-1-2\" data-index=\"5\"><div class=\"panel-widget-style\" style=\"background-color:#1e73be;border: 1px solid #81d742;color: #1e73be;\" ><div class=\"so-widget-sow-button so-widget-sow-button-atom-153027da6b94\"><div class=\"ow-button-base ow-button-align-center\">\n\n\t\t<a class=\"ow-button-hover\" href=\"https:\/\/www.sciencebox.eu\/sl\/izdelek\/skatla-eksperimentov-1-1-osebna-uporaba\/\" >\n\t\t<span>\n\t\t\t<span class=\"sow-icon-fontawesome\" data-sow-icon=\"&#xf07a;\" style=\"color: #81d742\"><\/span>\n\t\t\tNakup &gt;&gt;\t\t<\/span>\n\t<\/a>\n<\/div>\n<\/div><\/div><\/div><\/div><div class=\"panel-grid-cell panel-grid-cell-empty\" id=\"pgc-646-4-2\" ><\/div><\/div><\/div>","protected":false},"excerpt":{"rendered":"<p>\u0160KATLA EKSPERIMENTOV GALILEI \u0160katla eksperimentov GALILEI je slovenski proizvod in ni igra\u010da. Je u\u010dni pripomo\u010dek, ki nudi podporo izkustvenemu u\u010denju in vsebuje pripomo\u010dke, navodila in razlage za 10 zanimivih in pou\u010dnih poskusov za otroke in najstnike. Navodila za poskuse so podana v obliki videoposnetkov. Vklju\u010deni znanstveni poskusi so preprosti in hkrati izvirni, tako da so [&hellip;]<\/p>\n","protected":false},"author":1,"featured_media":0,"parent":0,"menu_order":0,"comment_status":"closed","ping_status":"closed","template":"","meta":{"footnotes":""},"class_list":["post-646","page","type-page","status-publish","hentry"],"_links":{"self":[{"href":"https:\/\/www.sciencebox.eu\/sl\/wp-json\/wp\/v2\/pages\/646","targetHints":{"allow":["GET"]}}],"collection":[{"href":"https:\/\/www.sciencebox.eu\/sl\/wp-json\/wp\/v2\/pages"}],"about":[{"href":"https:\/\/www.sciencebox.eu\/sl\/wp-json\/wp\/v2\/types\/page"}],"author":[{"embeddable":true,"href":"https:\/\/www.sciencebox.eu\/sl\/wp-json\/wp\/v2\/users\/1"}],"replies":[{"embeddable":true,"href":"https:\/\/www.sciencebox.eu\/sl\/wp-json\/wp\/v2\/comments?post=646"}],"version-history":[{"count":187,"href":"https:\/\/www.sciencebox.eu\/sl\/wp-json\/wp\/v2\/pages\/646\/revisions"}],"predecessor-version":[{"id":2889,"href":"https:\/\/www.sciencebox.eu\/sl\/wp-json\/wp\/v2\/pages\/646\/revisions\/2889"}],"wp:attachment":[{"href":"https:\/\/www.sciencebox.eu\/sl\/wp-json\/wp\/v2\/media?parent=646"}],"curies":[{"name":"wp","href":"https:\/\/api.w.org\/{rel}","templated":true}]}}