{"id":2869,"date":"2025-10-27T10:45:23","date_gmt":"2025-10-27T09:45:23","guid":{"rendered":"https:\/\/www.sciencebox.eu\/?page_id=2869"},"modified":"2026-03-03T06:42:05","modified_gmt":"2026-03-03T05:42:05","slug":"o_nas","status":"publish","type":"page","link":"https:\/\/www.sciencebox.eu\/sl\/o_nas\/","title":{"rendered":"O nas"},"content":{"rendered":"<div id=\"pl-2869\"><div class=\"panel-grid\" id=\"pg-2869-0\" ><div class=\"panel-grid-cell panel-grid-cell-empty\" id=\"pgc-2869-0-0\" ><\/div><div class=\"panel-grid-cell panel-grid-cell-mobile-last\" id=\"pgc-2869-0-1\" ><div class=\"so-panel widget widget_sow-editor panel-first-child panel-last-child\" id=\"panel-2869-0-1-0\" data-index=\"0\"><div class=\"so-widget-sow-editor so-widget-sow-editor-base\">\n<div class=\"siteorigin-widget-tinymce textwidget\">\n\t<h1>\u00a0<\/h1><h1>O NAS<\/h1><strong>Sciencebox.eu<\/strong> je blagovna znamka podjetja <span style=\"color: #000080;\"><a style=\"color: #000080;\" href=\"https:\/\/www.modrasled.si\" target=\"_blank\" rel=\"noopener noreferrer\"><strong>MODRA SLED<\/strong><\/a><\/span>, ki se posve\u010da razvoju inovativnih u\u010dnih pripomo\u010dkov za spodbujanje <strong>izkustvenega u\u010denja<\/strong>. Na\u0161a glavna usmeritev je ustvarjanje kakovostnih, varnih in strokovno zasnovanih kompletov za izvajanje naravoslovnih poskusov, ki otrokom omogo\u010dajo aktivno raziskovanje osnovnih zakonitosti narave. Eksperimentalni set je lahko pou\u010dno darilo za otroka za rojstni dan, za Miklav\u017ea, za Bo\u017ei\u010dka in za druge prilo\u017enosti.\n\n<h1>\u00a0<\/h1><h1>Na\u0161a zgodba<\/h1>Za\u010detki na\u0161ega dela segajo v leto 2013, ko smo izdelali prvi zbirki \u0160katla eksperimentov 1 in \u0160katla eksperimentov 2. \u017de takrat smo posebno pozornost namenjali varnosti, preprostosti, estetskemu videzu ter univerzalnosti pripomo\u010dkov. Vsaka zbirka je vklju\u010devala\u00a020 raznolikih in pou\u010dnih naravoslovnih eksperimentov, ki so spodbujali radovednost in logi\u010dno razmi\u0161ljanje otrok.\n\nDana\u0161nja zbirka \u0160katla eksperimentov GALILEI zdru\u017euje najbolj\u0161e poskuse iz obeh prej\u0161njih razli\u010dic, nadgrajene z izbolj\u0161animi materiali in najvi\u0161jimi varnostnimi standardi (npr. elastike brez lateksa, acetatna folija primerna za stik z \u017eivili ...). Izdelek je v celoti skladen z Uredbo o splo\u0161ni varnosti proizvodov, vsi pripomo\u010dki imajo ustrezne izjave o skladnosti oziroma certifikate varnosti, \u0161tevilni pa tudi certifikate o primernosti za stik z \u017eivili.\n\nKljub na\u0161tetemu izdelek ni klasificiran kot igra\u010da, temve\u010d kot u\u010dni pripomo\u010dek, ki ni namenjen igri temve\u010d izklju\u010dno izobra\u017eevanju, in se ga lahko uporablja le pod nadzorom odrasle osebe. Uporaba izdelka brez nadzora odrasle osebe ni dovoljena.\n\n<h1>Pogled v prihodnost<\/h1>V podjetju \u017ee razvijamo novo zbirko <strong>\u0160katla eksperimentov KEPLER<\/strong>, ki bo vklju\u010devala 10 novih, izvirnih in navdihujo\u010dih poskusov, zasnovanih z enako mero strokovnosti, ustvarjalnosti in varnosti.\u00a0\n\nNa\u0161 cilj ostaja jasen \u2013 otrokom pribli\u017eati znanost na na\u010din, ki vzbuja navdu\u0161enje, raziskovalni duh in trajno razumevanje sveta okoli nas.\n\nSodelujemo z: <a href=\"https:\/\/vejtr.si\">Vejtr<\/a>, <a href=\"https:\/\/www.nanos.si\">Astronomsko dru\u0161tvo Nanos<\/a>, <a href=\"https:\/\/www.spaceinart.com\">Spaceinart\u00a0<\/a>\n\n<\/div>\n<\/div><\/div><\/div><div class=\"panel-grid-cell panel-grid-cell-empty\" id=\"pgc-2869-0-2\" ><\/div><\/div><\/div>","protected":false},"excerpt":{"rendered":"<p>\u00a0O NASSciencebox.eu je blagovna znamka podjetja MODRA SLED, ki se posve\u010da razvoju inovativnih u\u010dnih pripomo\u010dkov za spodbujanje izkustvenega u\u010denja. Na\u0161a glavna usmeritev je ustvarjanje kakovostnih, varnih in strokovno zasnovanih kompletov za izvajanje naravoslovnih poskusov, ki otrokom omogo\u010dajo aktivno raziskovanje osnovnih zakonitosti narave. Eksperimentalni set je lahko pou\u010dno darilo za otroka za rojstni dan, za Miklav\u017ea, [&hellip;]<\/p>\n","protected":false},"author":2,"featured_media":0,"parent":0,"menu_order":0,"comment_status":"closed","ping_status":"closed","template":"","meta":{"footnotes":""},"class_list":["post-2869","page","type-page","status-publish","hentry"],"_links":{"self":[{"href":"https:\/\/www.sciencebox.eu\/sl\/wp-json\/wp\/v2\/pages\/2869","targetHints":{"allow":["GET"]}}],"collection":[{"href":"https:\/\/www.sciencebox.eu\/sl\/wp-json\/wp\/v2\/pages"}],"about":[{"href":"https:\/\/www.sciencebox.eu\/sl\/wp-json\/wp\/v2\/types\/page"}],"author":[{"embeddable":true,"href":"https:\/\/www.sciencebox.eu\/sl\/wp-json\/wp\/v2\/users\/2"}],"replies":[{"embeddable":true,"href":"https:\/\/www.sciencebox.eu\/sl\/wp-json\/wp\/v2\/comments?post=2869"}],"version-history":[{"count":3,"href":"https:\/\/www.sciencebox.eu\/sl\/wp-json\/wp\/v2\/pages\/2869\/revisions"}],"predecessor-version":[{"id":2871,"href":"https:\/\/www.sciencebox.eu\/sl\/wp-json\/wp\/v2\/pages\/2869\/revisions\/2871"}],"wp:attachment":[{"href":"https:\/\/www.sciencebox.eu\/sl\/wp-json\/wp\/v2\/media?parent=2869"}],"curies":[{"name":"wp","href":"https:\/\/api.w.org\/{rel}","templated":true}]}}