{"id":1244,"date":"2019-01-14T17:05:21","date_gmt":"2019-01-14T16:05:21","guid":{"rendered":"https:\/\/www.sciencebox.eu\/?page_id=1244"},"modified":"2026-03-17T15:41:09","modified_gmt":"2026-03-17T14:41:09","slug":"darila-za-otroke","status":"publish","type":"page","link":"https:\/\/www.sciencebox.eu\/sl\/darila-za-otroke\/","title":{"rendered":"Darila-za-otroke"},"content":{"rendered":"<div id=\"pl-1244\"><div class=\"panel-grid\" id=\"pg-1244-0\" ><div class=\"panel-row-style\" ><div class=\"panel-grid-cell\" id=\"pgc-1244-0-0\" ><div class=\"so-panel widget widget_sow-headline panel-first-child panel-last-child\" id=\"panel-1244-0-0-0\" data-index=\"0\"><div class=\"so-widget-sow-headline so-widget-sow-headline-default-cdbfa4ef1167\"><div class=\"sow-headline-container \">\n\t<h1 class='sow-headline'>\u0160KATLA EKSPERIMENTOV GALILEI (6-14 let) - Izobra\u017eevalna darila za otroke, najstnike in najstnice<\/h1><\/div><\/div><\/div><\/div><\/div><\/div><div class=\"panel-grid\" id=\"pg-1244-1\" ><div class=\"panel-grid-cell panel-grid-cell-empty\" id=\"pgc-1244-1-0\" ><\/div><div class=\"panel-grid-cell panel-grid-cell-mobile-last\" id=\"pgc-1244-1-1\" ><div class=\"so-panel widget widget_sow-editor panel-first-child panel-last-child\" id=\"panel-1244-1-1-0\" data-index=\"1\"><div class=\"so-widget-sow-editor so-widget-sow-editor-base\">\n<div class=\"siteorigin-widget-tinymce textwidget\">\n\t<p><span style=\"font-size: 18px\">\u0160katla eksperimentov <strong>GALILEI<\/strong> je slovenski proizvod. Lahko je darilo, vendar ni igra\u010da. Je popolnoma varen u\u010dni pripomo\u010dek, katerega namen ni igra temve\u010d spoznavanje fizikalnih zakonitosti s pomo\u010djo izvirnih fizikalnih poskusov. \u010ceprav je ta u\u010dni pripomo\u010dek popolnoma varen, se lahko uporablja le pod nadzorom odrasle osebe, ki otroku nudi podporo in usmeritve pri izvedbi poskusov. Vsebuje pripomo\u010dke in dostop do video navodil in razlag za 10 izvirnih in navdihujo\u010dih eksperimentov za otroke. Do strokovno recenziranih video navodil in razlag dostopate preko spleta oz. telefona s QR kodo. Zbirka je nastala iz predhodnic \u0160katle eksperimentov 1 in \u0160katle eksperimentov 2. Zbirka je najbolj primerna za otroke od 6 let do 14 let. Navodila in razlage za poskuse so strokovno recenzirani in lektorirani. Razlage poskusov so podane na dveh nivojih. Primerno za otroke naslednjih starosti: 8 let, 9 let, 10 let, 11 let, 12 let. Ob pomo\u010di lahko poskuse izvedejo tudi mlaj\u0161i otroci (npr. 6-7 let). Seti eksperimentov so primerni tudi kot izobra\u017eevalna oziroma pou\u010dna darila za otroke, najstnike in najstnice ali nagrade za otroke na raznih tekmovanjih, ki vzpodbujajo izkustveno u\u010denje. Zbirka je primerna tudi kot izobra\u017eevalno darilo za otroka za rojstni dan, Miklav\u017ea, bo\u017ei\u010d in druge prilo\u017enosti.<\/span><\/p>\n<p><span style=\"font-size: 18px\">Avtor zbirke poskusov Sa\u0161o \u017digon je tudi avtor u\u010dbenikov za fiziko v 8. in 9. razredu osnovne \u0161ole <span style=\"color: #99cc00;\"><a style=\"color: #99cc00;\" href=\"https:\/\/www.mladinska-knjiga.si\/sola\/fizika-8-0\" target=\"_blank\" rel=\"noopener noreferrer\">Fizika 8<\/a><\/span> in <span style=\"color: #99cc00;\"><a style=\"color: #99cc00;\" href=\"https:\/\/www.mladinska-knjiga.si\/sola\/fizika-9-1\" target=\"_blank\" rel=\"noopener noreferrer\">Fizika 9<\/a><\/span> ter avtor\u00a0vseh fizikalnih poskusov v delovnih zvezkih Fizika 8, Fizika 9, Naravoslovje 6 in Naravoslovje 7, ki so v zadnjih letih iz\u0161li pri Zalo\u017ebi Mladinska knjiga.<\/span><\/p>\n<\/div>\n<\/div><\/div><\/div><div class=\"panel-grid-cell panel-grid-cell-empty\" id=\"pgc-1244-1-2\" ><\/div><\/div><div class=\"panel-grid\" id=\"pg-1244-2\" ><div class=\"panel-grid-cell panel-grid-cell-empty\" id=\"pgc-1244-2-0\" ><\/div><div class=\"panel-grid-cell\" id=\"pgc-1244-2-1\" ><div class=\"so-panel widget widget_sow-editor panel-first-child\" id=\"panel-1244-2-1-0\" data-index=\"2\"><div class=\"so-widget-sow-editor so-widget-sow-editor-base\"><h3 class=\"widget-title\">Seznam poskusov v \u0160katli eksperimentov GALILEI:<\/h3>\n<div class=\"siteorigin-widget-tinymce textwidget\">\n\t<ol>\n<li style=\"list-style-type: none;\">\n<ol>\n<li><span style=\"color: #99cc00;\"><strong><a style=\"color: #99cc00;\" href=\"https:\/\/www.sciencebox.eu\/sl\/sklopljeni-nihali\/\">Sklopljeni\u00a0nihali<\/a><\/strong><\/span><\/li>\n<li>Vrtiljak<\/li>\n<li>Zakaj ne pade<\/li>\n<li>Voda v zama\u0161ku<\/li>\n<li>Natega<\/li>\n<li>Kaj dr\u017ei vodo?<\/li>\n<li>Popolni odboj<\/li>\n<li>Potaplja\u0161ki zvon<\/li>\n<li>Hitrost iztekanja vode<\/li>\n<li><span style=\"color: #99cc00;\"><strong><a style=\"color: #99cc00;\" href=\"https:\/\/www.sciencebox.eu\/sl\/hidravlicno_dvigalo\/\">Hidravli\u010dno dvigalo<\/a><\/strong><\/span><\/li>\n<\/ol>\n<\/li>\n<\/ol>\n<\/div>\n<\/div><\/div><div class=\"so-panel widget widget_sow-button panel-last-child\" id=\"panel-1244-2-1-1\" data-index=\"3\"><div class=\"panel-widget-style\" style=\"background-color:#1e73be;border: 1px solid #81d742;\" ><div class=\"so-widget-sow-button so-widget-sow-button-atom-9836eef71f66\"><div class=\"ow-button-base ow-button-align-left\">\n\n\t\t<a class=\"ow-button-hover\" href=\"https:\/\/www.sciencebox.eu\/sl\/izdelek\/skatla-eksperimentov-1-1-osebna-uporaba\/\" >\n\t\t<span>\n\t\t\t<span class=\"sow-icon-fontawesome\" data-sow-icon=\"&#xf07a;\" style=\"color: #81d742\"><\/span>\n\t\t\tNakup \u0160katle eksperimentov GALILEI za osebno uporabo\t\t<\/span>\n\t<\/a>\n<\/div>\n<\/div><\/div><\/div><\/div><div class=\"panel-grid-cell\" id=\"pgc-1244-2-2\" ><div class=\"so-panel widget widget_sow-image panel-first-child panel-last-child\" id=\"panel-1244-2-2-0\" data-index=\"4\"><div class=\"so-widget-sow-image so-widget-sow-image-default-3f547a15eaaa\">\n\n<div class=\"sow-image-container\">\n<a href=\"https:\/\/www.sciencebox.eu\/izdelek\/skatla-eksperimentov-1-1-osebna-uporaba\/\" >\t<img loading=\"lazy\" decoding=\"async\" src=\"https:\/\/www.sciencebox.eu\/wp-content\/uploads\/2017\/04\/skatla_galilei_300.png\" width=\"300\" height=\"246\" srcset=\"\" title=\"Eksperimentalni set  \u0160katla eksperimentov Galilei\"  class=\"so-widget-image\"\/>\n<\/a><\/div>\n\n<\/div><\/div><\/div><\/div><div class=\"panel-grid\" id=\"pg-1244-3\" ><div class=\"panel-grid-cell panel-grid-cell-empty\" id=\"pgc-1244-3-0\" ><\/div><div class=\"panel-grid-cell panel-grid-cell-mobile-last\" id=\"pgc-1244-3-1\" ><div class=\"so-panel widget widget_sow-image panel-first-child panel-last-child\" id=\"panel-1244-3-1-0\" data-index=\"5\"><div style=\"border: 1px solid #1e73be;\" class=\"panel-widget-style\" ><div class=\"so-widget-sow-image so-widget-sow-image-default-a766b29992bf\">\n\n<div class=\"sow-image-container\">\n\t<img loading=\"lazy\" decoding=\"async\" src=\"https:\/\/www.sciencebox.eu\/wp-content\/uploads\/2025\/09\/20250921_175805-scaled.jpg\" width=\"2560\" height=\"1920\" srcset=\"https:\/\/www.sciencebox.eu\/wp-content\/uploads\/2025\/09\/20250921_175805-scaled.jpg 2560w, https:\/\/www.sciencebox.eu\/wp-content\/uploads\/2025\/09\/20250921_175805-600x450.jpg 600w, https:\/\/www.sciencebox.eu\/wp-content\/uploads\/2025\/09\/20250921_175805-300x225.jpg 300w, https:\/\/www.sciencebox.eu\/wp-content\/uploads\/2025\/09\/20250921_175805-768x576.jpg 768w, https:\/\/www.sciencebox.eu\/wp-content\/uploads\/2025\/09\/20250921_175805-1024x768.jpg 1024w, https:\/\/www.sciencebox.eu\/wp-content\/uploads\/2025\/09\/20250921_175805-650x488.jpg 650w\" title=\"Poskusi za otroke od 6 do 14 let\"  class=\"so-widget-image\"\/>\n<\/div>\n\n<\/div><\/div><\/div><\/div><div class=\"panel-grid-cell panel-grid-cell-empty\" id=\"pgc-1244-3-2\" ><\/div><\/div><div class=\"panel-grid\" id=\"pg-1244-4\" ><div class=\"panel-grid-cell panel-grid-cell-empty\" id=\"pgc-1244-4-0\" ><\/div><div class=\"panel-grid-cell panel-grid-cell-mobile-last\" id=\"pgc-1244-4-1\" ><div class=\"so-panel widget widget_sow-editor panel-first-child panel-last-child\" id=\"panel-1244-4-1-0\" data-index=\"6\"><div class=\"so-widget-sow-editor so-widget-sow-editor-base\">\n<div class=\"siteorigin-widget-tinymce textwidget\">\n\t<p>Do recenziranih video navodil in razlag za poskuse dostopate preko telefona s pomo\u010djo <a href=\"https:\/\/www.sciencebox.eu\/video_navodila_galilei\/\">QR kode <\/a>ali spletne povezave <a href=\"http:\/\/www.sciencebox.eu\/galilei\">www.sciencebox.eu\/galilei<\/a><\/p>\n<\/div>\n<\/div><\/div><\/div><div class=\"panel-grid-cell panel-grid-cell-empty\" id=\"pgc-1244-4-2\" ><\/div><\/div><div class=\"panel-grid\" id=\"pg-1244-5\" ><div class=\"panel-grid-cell\" id=\"pgc-1244-5-0\" ><div class=\"so-panel widget widget_text panel-first-child\" id=\"panel-1244-5-0-0\" data-index=\"7\"><div style=\"color: #000000;\" class=\"panel-widget-style\" ><h3 class=\"widget-title\">1. Kako vem, da je \u0160katla eksperimentov varen izdelek?<\/h3>\t\t\t<div class=\"textwidget\"><p>Izdelek \u0160katla eksperimentov GALILEI je skladen z zahtevami Uredbe o splo\u0161ni varnosti proizvodov in je varen za uporabo kot u\u010dni pripomo\u010dek. Izdelek ni klasificiran kot igra\u010da. Primarna in edina funkcija izdelka je izobra\u017eevanje in ne igra. Uporablja se lahko v \u0161olskem okolju ali v doma\u010dem izobra\u017eevalnem okolju, vendar izklju\u010dno pod nadzorom odrasle osebe, kot so u\u010ditelji, star\u0161i ali drugi mentorji.  Uporaba izdelka brez nadzora odrasle osebe ni dovoljena. Vsi materiali so izbrani in uporabljeni z upo\u0161tevanjem veljavnih varnostnih zahtev.<\/p>\n<\/div>\n\t\t<\/div><\/div><div class=\"so-panel widget widget_text\" id=\"panel-1244-5-0-1\" data-index=\"8\"><div style=\"color: #000000;\" class=\"panel-widget-style\" ><h3 class=\"widget-title\">2. V \u010dem se \u0160katla eksperimentov GALILEI razlikuje od drugih zbirk na trgu?<\/h3>\t\t\t<div class=\"textwidget\"><p>\u0160katla eksperimentov GALILEI je slovenski maloserijski izdelek. V njej je 10 poskusov za otroke, ki so izvirni, zanimivi in hkrati pou\u010dni. Rezultati eksperimentov so navdihujo\u010di in lahko pripomorejo k popularizaciji naravoslovja \u017ee pri najmlaj\u0161ih otrocih. Poskusi so izbrani tako, da so pripomo\u010dki za njihovo izvedbo enostavni in so povsem varni. Veliko poskusov je avtorskih, torej jih ne zasledimo v drugih virih. Ker je \u0160katla slovenski proizvod, so navodila in razlage usklajene z izrazi v slovenskem \u0161olskem prostoru. Eksperimentalni set je primeren kot nagrada ali darila za otroke, ki so sodelovali na tekmovanju iz naravoslovnih vsebin. Zbirka eksperimentov je recenzirana s strani osnovno\u0161olskih in srednje\u0161olskih u\u010diteljev fizike in nekaterih drugih naravoslovnih predmetov (naravoslovje, tehnika in tehnologija).<\/p>\n<\/div>\n\t\t<\/div><\/div><div class=\"so-panel widget widget_text\" id=\"panel-1244-5-0-2\" data-index=\"9\"><div style=\"color: #000000;\" class=\"panel-widget-style\" ><h3 class=\"widget-title\">3. Zakaj je \u0160katla eksperimentov vredna svoje cene?<\/h3>\t\t\t<div class=\"textwidget\"><p>Ko ocenjujemo vrednost \u0160katle eksperimentov GALILEI, ne smemo imeti v mislih le materialne vrednosti njenih sestavnih delov, temve\u010d njeno didakti\u010dno in vsebinsko vrednost. Zbirka je nastala na osnovi dolgoletnih izku\u0161enj v pou\u010devanju naravoslovnih predmetov. Navodila in razlage poskusov so strokovno recenzirani. Ne gre za tuj produkt, ki je preveden v slovenski jezik, temve\u010d obratno. \u0160katla eksperimentov je slovenski produkt, ki je preveden v ve\u010d kot 15 jezikov.<\/p>\n<\/div>\n\t\t<\/div><\/div><div class=\"so-panel widget widget_text\" id=\"panel-1244-5-0-3\" data-index=\"10\"><div style=\"color: #000000;\" class=\"panel-widget-style\" ><h3 class=\"widget-title\">4. V \u010dem se razlikuje nakup zbirke za osebno uporabo in nakup kompleta zbirk za uporabo v \u0161olah?<\/h3>\t\t\t<div class=\"textwidget\"><p>\u0160ola z nakupom kompleta 8 zbirk pridobi licenco za predvajanje video navodil pri pouku. Pridobi tudi slikovna in tekstovna navodila za izvajanje poskusov v formatih PDF in DOC, kar u\u010diteljem in u\u010diteljicam omogo\u010da spreminjanje oz. prilagajanje navodil, \u010de je to potrebno.<\/p>\n<\/div>\n\t\t<\/div><\/div><div class=\"so-panel widget widget_sow-editor panel-last-child\" id=\"panel-1244-5-0-4\" data-index=\"11\"><div class=\"so-widget-sow-editor so-widget-sow-editor-base\">\n<div class=\"siteorigin-widget-tinymce textwidget\">\n\t<\/div>\n<\/div><\/div><\/div><\/div><\/div>","protected":false},"excerpt":{"rendered":"<p>\u0160KATLA EKSPERIMENTOV GALILEI (6-14 let) &#8211; Izobra\u017eevalna darila za otroke, najstnike in najstnice \u0160katla eksperimentov GALILEI je slovenski proizvod. Lahko je darilo, vendar ni igra\u010da. Je popolnoma varen u\u010dni pripomo\u010dek, katerega namen ni igra temve\u010d spoznavanje fizikalnih zakonitosti s pomo\u010djo izvirnih fizikalnih poskusov. \u010ceprav je ta u\u010dni pripomo\u010dek popolnoma varen, se lahko uporablja le pod [&hellip;]<\/p>\n","protected":false},"author":2,"featured_media":0,"parent":0,"menu_order":0,"comment_status":"closed","ping_status":"closed","template":"","meta":{"footnotes":""},"class_list":["post-1244","page","type-page","status-publish","hentry"],"_links":{"self":[{"href":"https:\/\/www.sciencebox.eu\/sl\/wp-json\/wp\/v2\/pages\/1244","targetHints":{"allow":["GET"]}}],"collection":[{"href":"https:\/\/www.sciencebox.eu\/sl\/wp-json\/wp\/v2\/pages"}],"about":[{"href":"https:\/\/www.sciencebox.eu\/sl\/wp-json\/wp\/v2\/types\/page"}],"author":[{"embeddable":true,"href":"https:\/\/www.sciencebox.eu\/sl\/wp-json\/wp\/v2\/users\/2"}],"replies":[{"embeddable":true,"href":"https:\/\/www.sciencebox.eu\/sl\/wp-json\/wp\/v2\/comments?post=1244"}],"version-history":[{"count":117,"href":"https:\/\/www.sciencebox.eu\/sl\/wp-json\/wp\/v2\/pages\/1244\/revisions"}],"predecessor-version":[{"id":3004,"href":"https:\/\/www.sciencebox.eu\/sl\/wp-json\/wp\/v2\/pages\/1244\/revisions\/3004"}],"wp:attachment":[{"href":"https:\/\/www.sciencebox.eu\/sl\/wp-json\/wp\/v2\/media?parent=1244"}],"curies":[{"name":"wp","href":"https:\/\/api.w.org\/{rel}","templated":true}]}}